{"id":575,"date":"2021-02-23T10:04:36","date_gmt":"2021-02-23T10:04:36","guid":{"rendered":"https:\/\/am-logistique.com\/index.php\/about-us\/"},"modified":"2023-08-28T15:20:55","modified_gmt":"2023-08-28T13:20:55","slug":"about-us","status":"publish","type":"page","link":"https:\/\/am-logistique.com\/index.php\/about-us\/","title":{"rendered":"About Us"},"content":{"rendered":"\t\t<div data-elementor-type=\"wp-page\" data-elementor-id=\"575\" class=\"elementor elementor-575\">\n\t\t\t\t\t\t<section class=\"elementor-section elementor-top-section elementor-element elementor-element-252cc20 elementor-section-height-min-height elementor-section-boxed elementor-section-height-default elementor-section-items-middle\" data-id=\"252cc20\" data-element_type=\"section\" data-e-type=\"section\" data-settings=\"{&quot;background_background&quot;:&quot;classic&quot;}\">\n\t\t\t\t\t\t\t<div class=\"elementor-background-overlay\"><\/div>\n\t\t\t\t\t\t\t<div class=\"elementor-container elementor-column-gap-no\">\n\t\t\t\t\t<div class=\"elementor-column elementor-col-100 elementor-top-column elementor-element elementor-element-6250949\" data-id=\"6250949\" data-element_type=\"column\" data-e-type=\"column\">\n\t\t\t<div class=\"elementor-widget-wrap elementor-element-populated\">\n\t\t\t\t\t\t<section class=\"elementor-section elementor-inner-section elementor-element elementor-element-2005eec elementor-section-boxed elementor-section-height-default elementor-section-height-default\" data-id=\"2005eec\" data-element_type=\"section\" data-e-type=\"section\">\n\t\t\t\t\t\t<div class=\"elementor-container elementor-column-gap-no\">\n\t\t\t\t\t<div class=\"elementor-column elementor-col-100 elementor-inner-column elementor-element elementor-element-824eeb8\" data-id=\"824eeb8\" data-element_type=\"column\" data-e-type=\"column\">\n\t\t\t<div class=\"elementor-widget-wrap elementor-element-populated\">\n\t\t\t\t\t\t<div class=\"elementor-element elementor-element-c7e430c elementor-widget elementor-widget-heading\" data-id=\"c7e430c\" data-element_type=\"widget\" data-e-type=\"widget\" data-widget_type=\"heading.default\">\n\t\t\t\t<div class=\"elementor-widget-container\">\n\t\t\t\t\t<h3 class=\"elementor-heading-title elementor-size-default\">A propos de nous<\/h3>\t\t\t\t<\/div>\n\t\t\t\t<\/div>\n\t\t\t\t\t<\/div>\n\t\t<\/div>\n\t\t\t\t\t<\/div>\n\t\t<\/section>\n\t\t\t\t\t<\/div>\n\t\t<\/div>\n\t\t\t\t\t<\/div>\n\t\t<\/section>\n\t\t\t\t<section class=\"elementor-section elementor-top-section elementor-element elementor-element-241cd00 elementor-section-boxed elementor-section-height-default elementor-section-height-default\" data-id=\"241cd00\" data-element_type=\"section\" data-e-type=\"section\" data-settings=\"{&quot;background_background&quot;:&quot;classic&quot;}\">\n\t\t\t\t\t\t<div class=\"elementor-container elementor-column-gap-no\">\n\t\t\t\t\t<div class=\"elementor-column elementor-col-100 elementor-top-column elementor-element elementor-element-4c3d795\" data-id=\"4c3d795\" data-element_type=\"column\" data-e-type=\"column\">\n\t\t\t<div class=\"elementor-widget-wrap elementor-element-populated\">\n\t\t\t\t\t\t<section class=\"elementor-section elementor-inner-section elementor-element elementor-element-2d0bf28 elementor-section-boxed elementor-section-height-default elementor-section-height-default\" data-id=\"2d0bf28\" data-element_type=\"section\" data-e-type=\"section\">\n\t\t\t\t\t\t<div class=\"elementor-container elementor-column-gap-no\">\n\t\t\t\t\t<div class=\"elementor-column elementor-col-50 elementor-inner-column elementor-element elementor-element-e5a42d0\" data-id=\"e5a42d0\" data-element_type=\"column\" data-e-type=\"column\">\n\t\t\t<div class=\"elementor-widget-wrap elementor-element-populated\">\n\t\t\t\t\t\t<div class=\"elementor-element elementor-element-169224d elementor-widget elementor-widget-heading\" data-id=\"169224d\" data-element_type=\"widget\" data-e-type=\"widget\" data-widget_type=\"heading.default\">\n\t\t\t\t<div class=\"elementor-widget-container\">\n\t\t\t\t\t<h2 class=\"elementor-heading-title elementor-size-default\">AM Logistiques et services <\/h2>\t\t\t\t<\/div>\n\t\t\t\t<\/div>\n\t\t\t\t<div class=\"elementor-element elementor-element-527a23b elementor-widget elementor-widget-text-editor\" data-id=\"527a23b\" data-element_type=\"widget\" data-e-type=\"widget\" data-widget_type=\"text-editor.default\">\n\t\t\t\t<div class=\"elementor-widget-container\">\n\t\t\t\t\t\t\t\t\t<p>est une entreprise sp\u00e9cialis\u00e9e dans l\u2019acheminement et le transit des biens de l\u2019Europe vers la R\u00e9publique de Guin\u00e9e. Notre si\u00e8ge social est situ\u00e9 au 15 Rue Custine 75018 Paris \u00e0 50 m\u00e8tres de la bouche du m\u00e9tro Ch\u00e2teau Rouge (moins d\u2019une minute \u00e0 pied). Notre entrep\u00f4t se trouve au 33 Avenue Georges Clemenceau, 93420 Villepinte ; vous pouvez nous livrer directement les gros colis \u00e0 notre entrep\u00f4t. Le m\u00e9tier de groupeur de fret est de rassembler comme pour un groupage classique, en un point donn\u00e9, les exp\u00e9ditions de plusieurs exportateurs avec pour objectif de les transmettre au transporteur a\u00e9rien ou maritime qui les acheminera \u00e0 destination. Celui-ci prendra alors \u00e0 sa charge le d\u00e9groupage de ces marchandises pour les redistribu\u00e9es aux destinataires. Pour assurer avec succ\u00e8s le transport de marchandises dans nos r\u00e9gions, ce qui prime avant tout pour nous est l\u2019Agilit\u00e9 : conna\u00eetre nos destinations mieux que les autres, rester proche de nos clients, adapter toujours nos moyens logistiques, innover sans cesse dans les services, rester souple pour mieux contourner les impr\u00e9vus, accompagner nos partenaires sur de nouvelles destinations. Nous mettons \u00e0 votre disposition les services ci-dessous :<\/p>\t\t\t\t\t\t\t\t<\/div>\n\t\t\t\t<\/div>\n\t\t\t\t<div class=\"elementor-element elementor-element-9e8a914 elementor-widget elementor-widget-text-editor\" data-id=\"9e8a914\" data-element_type=\"widget\" data-e-type=\"widget\" data-widget_type=\"text-editor.default\">\n\t\t\t\t<div class=\"elementor-widget-container\">\n\t\t\t\t\t\t\t\t\t<p>\u2013 Transport maritime,\u00a0<\/p><p>\u2013 Service transit dans le pays de destination,<\/p><p>\u2013 Transport a\u00e9rien,- Mat\u00e9riel roulant (voitures,camions,machines,engins, \u2026),<\/p><p>\u2013 Conteneurs complets,<\/p><p>&#8211; Marchandises dangereuses,<\/p><p>\u2013 Containers de groupage,<\/p><p>&#8211; Colis hors gabarit,<\/p><p>&#8211; N\u00e9goce,<\/p><p>&#8211; Transfert d\u2019argent,<\/p>\t\t\t\t\t\t\t\t<\/div>\n\t\t\t\t<\/div>\n\t\t\t\t\t<\/div>\n\t\t<\/div>\n\t\t\t\t<div class=\"elementor-column elementor-col-50 elementor-inner-column elementor-element elementor-element-2eab71c\" data-id=\"2eab71c\" data-element_type=\"column\" data-e-type=\"column\">\n\t\t\t<div class=\"elementor-widget-wrap elementor-element-populated\">\n\t\t\t\t\t\t<div class=\"elementor-element elementor-element-8013aa6 elementor-widget elementor-widget-image\" data-id=\"8013aa6\" data-element_type=\"widget\" data-e-type=\"widget\" data-widget_type=\"image.default\">\n\t\t\t\t<div class=\"elementor-widget-container\">\n\t\t\t\t\t\t\t\t\t\t\t\t\t\t\t<img fetchpriority=\"high\" decoding=\"async\" width=\"1280\" height=\"853\" src=\"https:\/\/am-logistique.com\/wp-content\/uploads\/2023\/07\/handshake-understanding-international-understanding-3200298.jpg\" class=\"attachment-full size-full wp-image-640\" alt=\"handshake, understanding, international understanding-3200298.jpg\" srcset=\"https:\/\/am-logistique.com\/wp-content\/uploads\/2023\/07\/handshake-understanding-international-understanding-3200298.jpg 1280w, https:\/\/am-logistique.com\/wp-content\/uploads\/2023\/07\/handshake-understanding-international-understanding-3200298-600x400.jpg 600w, https:\/\/am-logistique.com\/wp-content\/uploads\/2023\/07\/handshake-understanding-international-understanding-3200298-300x200.jpg 300w, https:\/\/am-logistique.com\/wp-content\/uploads\/2023\/07\/handshake-understanding-international-understanding-3200298-1024x682.jpg 1024w, https:\/\/am-logistique.com\/wp-content\/uploads\/2023\/07\/handshake-understanding-international-understanding-3200298-768x512.jpg 768w\" sizes=\"(max-width: 1280px) 100vw, 1280px\" \/>\t\t\t\t\t\t\t\t\t\t\t\t\t\t\t<\/div>\n\t\t\t\t<\/div>\n\t\t\t\t\t<\/div>\n\t\t<\/div>\n\t\t\t\t\t<\/div>\n\t\t<\/section>\n\t\t\t\t\t<\/div>\n\t\t<\/div>\n\t\t\t\t\t<\/div>\n\t\t<\/section>\n\t\t\t\t<section class=\"elementor-section elementor-top-section elementor-element elementor-element-7d11acc elementor-reverse-mobile elementor-section-boxed elementor-section-height-default elementor-section-height-default\" data-id=\"7d11acc\" data-element_type=\"section\" data-e-type=\"section\">\n\t\t\t\t\t\t<div class=\"elementor-container elementor-column-gap-no\">\n\t\t\t\t\t<div class=\"elementor-column elementor-col-33 elementor-top-column elementor-element elementor-element-08aecff\" data-id=\"08aecff\" data-element_type=\"column\" data-e-type=\"column\">\n\t\t\t<div class=\"elementor-widget-wrap elementor-element-populated\">\n\t\t\t\t\t\t<div class=\"elementor-element elementor-element-69d3757 elementor-widget elementor-widget-image\" data-id=\"69d3757\" data-element_type=\"widget\" data-e-type=\"widget\" data-widget_type=\"image.default\">\n\t\t\t\t<div class=\"elementor-widget-container\">\n\t\t\t\t\t\t\t\t\t\t\t\t\t\t\t<img decoding=\"async\" width=\"1280\" height=\"764\" src=\"https:\/\/am-logistique.com\/wp-content\/uploads\/2023\/07\/container-ship-container-ship-2786842-1.jpg\" class=\"attachment-full size-full wp-image-615\" alt=\"container, ship, container ship-2786842.jpg\" srcset=\"https:\/\/am-logistique.com\/wp-content\/uploads\/2023\/07\/container-ship-container-ship-2786842-1.jpg 1280w, https:\/\/am-logistique.com\/wp-content\/uploads\/2023\/07\/container-ship-container-ship-2786842-1-600x358.jpg 600w, https:\/\/am-logistique.com\/wp-content\/uploads\/2023\/07\/container-ship-container-ship-2786842-1-300x179.jpg 300w, https:\/\/am-logistique.com\/wp-content\/uploads\/2023\/07\/container-ship-container-ship-2786842-1-1024x611.jpg 1024w, https:\/\/am-logistique.com\/wp-content\/uploads\/2023\/07\/container-ship-container-ship-2786842-1-768x458.jpg 768w\" sizes=\"(max-width: 1280px) 100vw, 1280px\" \/>\t\t\t\t\t\t\t\t\t\t\t\t\t\t\t<\/div>\n\t\t\t\t<\/div>\n\t\t\t\t\t<\/div>\n\t\t<\/div>\n\t\t\t\t<div class=\"elementor-column elementor-col-66 elementor-top-column elementor-element elementor-element-7cb0483\" data-id=\"7cb0483\" data-element_type=\"column\" data-e-type=\"column\">\n\t\t\t<div class=\"elementor-widget-wrap elementor-element-populated\">\n\t\t\t\t\t\t<section class=\"elementor-section elementor-inner-section elementor-element elementor-element-5e85109 elementor-section-boxed elementor-section-height-default elementor-section-height-default\" data-id=\"5e85109\" data-element_type=\"section\" data-e-type=\"section\">\n\t\t\t\t\t\t<div class=\"elementor-container elementor-column-gap-no\">\n\t\t\t\t\t<div class=\"elementor-column elementor-col-100 elementor-inner-column elementor-element elementor-element-835f774\" data-id=\"835f774\" data-element_type=\"column\" data-e-type=\"column\">\n\t\t\t<div class=\"elementor-widget-wrap elementor-element-populated\">\n\t\t\t\t\t\t<div class=\"elementor-element elementor-element-f6a4f85 elementor-widget elementor-widget-heading\" data-id=\"f6a4f85\" data-element_type=\"widget\" data-e-type=\"widget\" data-widget_type=\"heading.default\">\n\t\t\t\t<div class=\"elementor-widget-container\">\n\t\t\t\t\t<h6 class=\"elementor-heading-title elementor-size-default\">Pourquoi nous choisir<\/h6>\t\t\t\t<\/div>\n\t\t\t\t<\/div>\n\t\t\t\t<div class=\"elementor-element elementor-element-45d6106 elementor-widget elementor-widget-heading\" data-id=\"45d6106\" data-element_type=\"widget\" data-e-type=\"widget\" data-widget_type=\"heading.default\">\n\t\t\t\t<div class=\"elementor-widget-container\">\n\t\t\t\t\t<h2 class=\"elementor-heading-title elementor-size-default\">AM Logistiques et services <\/h2>\t\t\t\t<\/div>\n\t\t\t\t<\/div>\n\t\t\t\t<div class=\"elementor-element elementor-element-d65540c elementor-widget elementor-widget-text-editor\" data-id=\"d65540c\" data-element_type=\"widget\" data-e-type=\"widget\" data-widget_type=\"text-editor.default\">\n\t\t\t\t<div class=\"elementor-widget-container\">\n\t\t\t\t\t\t\t\t\t<p>Par exemple, votre souhait c\u2019est d\u2019importer des chaussures et des sacs \u00e0 mains, des Voitures (occasion, neuf) Nous sommes pr\u00e9sents dans le secteur g\u00e9ographique des fournisseurs grossistes en France. Profitez de nos forfaits tout compris et cernez vos co\u00fbts et vos investissements, gr\u00e2ce \u00e0 nos envois par containers de groupage. Pensez-y, vous pouvez faire d\u00e9poser directement vos commandes \u00e0 notre d\u00e9p\u00f4t par vos fournisseurs et nous vous les exp\u00e9dierons directement. Nous pouvons r\u00e9cup\u00e9rer les colis directement au magasin o\u00f9 vous aurez fait vos achats et vous les faire parvenir a Conakry chez vous, \u00e0 votre magasin ou dans votre entreprise.<\/p>\t\t\t\t\t\t\t\t<\/div>\n\t\t\t\t<\/div>\n\t\t\t\t\t<\/div>\n\t\t<\/div>\n\t\t\t\t\t<\/div>\n\t\t<\/section>\n\t\t\t\t\t<\/div>\n\t\t<\/div>\n\t\t\t\t\t<\/div>\n\t\t<\/section>\n\t\t\t\t<section class=\"elementor-section elementor-top-section elementor-element elementor-element-d633462 elementor-section-boxed elementor-section-height-default elementor-section-height-default\" data-id=\"d633462\" data-element_type=\"section\" data-e-type=\"section\" data-settings=\"{&quot;background_background&quot;:&quot;classic&quot;}\">\n\t\t\t\t\t\t\t<div class=\"elementor-background-overlay\"><\/div>\n\t\t\t\t\t\t\t<div class=\"elementor-container elementor-column-gap-no\">\n\t\t\t\t\t<div class=\"elementor-column elementor-col-100 elementor-top-column elementor-element elementor-element-a507fbc\" data-id=\"a507fbc\" data-element_type=\"column\" data-e-type=\"column\">\n\t\t\t<div class=\"elementor-widget-wrap elementor-element-populated\">\n\t\t\t\t\t\t<section class=\"elementor-section elementor-inner-section elementor-element elementor-element-5ed0c65 elementor-section-boxed elementor-section-height-default elementor-section-height-default\" data-id=\"5ed0c65\" data-element_type=\"section\" data-e-type=\"section\">\n\t\t\t\t\t\t<div class=\"elementor-container elementor-column-gap-no\">\n\t\t\t\t\t<div class=\"elementor-column elementor-col-100 elementor-inner-column elementor-element elementor-element-95c9bcd\" data-id=\"95c9bcd\" data-element_type=\"column\" data-e-type=\"column\">\n\t\t\t<div class=\"elementor-widget-wrap elementor-element-populated\">\n\t\t\t\t\t\t<div class=\"elementor-element elementor-element-0fffdd8 elementor-widget elementor-widget-heading\" data-id=\"0fffdd8\" data-element_type=\"widget\" data-e-type=\"widget\" data-widget_type=\"heading.default\">\n\t\t\t\t<div class=\"elementor-widget-container\">\n\t\t\t\t\t<h2 class=\"elementor-heading-title elementor-size-default\">Vente des billets d'avion<\/h2>\t\t\t\t<\/div>\n\t\t\t\t<\/div>\n\t\t\t\t<div class=\"elementor-element elementor-element-cd427aa elementor-widget elementor-widget-heading\" data-id=\"cd427aa\" data-element_type=\"widget\" data-e-type=\"widget\" data-widget_type=\"heading.default\">\n\t\t\t\t<div class=\"elementor-widget-container\">\n\t\t\t\t\t<h3 class=\"elementor-heading-title elementor-size-default\">AM Logistiques Services vous propose des billets d'avion partout dans le monde<\/h3>\t\t\t\t<\/div>\n\t\t\t\t<\/div>\n\t\t\t\t\t<\/div>\n\t\t<\/div>\n\t\t\t\t\t<\/div>\n\t\t<\/section>\n\t\t\t\t<section class=\"elementor-section elementor-inner-section elementor-element elementor-element-3dd04ff elementor-section-boxed elementor-section-height-default elementor-section-height-default\" data-id=\"3dd04ff\" data-element_type=\"section\" data-e-type=\"section\">\n\t\t\t\t\t\t<div class=\"elementor-container elementor-column-gap-no\">\n\t\t\t\t\t<div class=\"elementor-column elementor-col-50 elementor-inner-column elementor-element elementor-element-e3b5de2\" data-id=\"e3b5de2\" data-element_type=\"column\" data-e-type=\"column\">\n\t\t\t<div class=\"elementor-widget-wrap\">\n\t\t\t\t\t\t\t<\/div>\n\t\t<\/div>\n\t\t\t\t<div class=\"elementor-column elementor-col-50 elementor-inner-column elementor-element elementor-element-4f8175d\" data-id=\"4f8175d\" data-element_type=\"column\" data-e-type=\"column\">\n\t\t\t<div class=\"elementor-widget-wrap elementor-element-populated\">\n\t\t\t\t\t\t<div class=\"elementor-element elementor-element-2f2d484 elementor-widget elementor-widget-heading\" data-id=\"2f2d484\" data-element_type=\"widget\" data-e-type=\"widget\" data-widget_type=\"heading.default\">\n\t\t\t\t<div class=\"elementor-widget-container\">\n\t\t\t\t\t<h6 class=\"elementor-heading-title elementor-size-default\">Nous appeler au:<\/h6>\t\t\t\t<\/div>\n\t\t\t\t<\/div>\n\t\t\t\t<div class=\"elementor-element elementor-element-a1b3d58 elementor-widget elementor-widget-heading\" data-id=\"a1b3d58\" data-element_type=\"widget\" data-e-type=\"widget\" data-widget_type=\"heading.default\">\n\t\t\t\t<div class=\"elementor-widget-container\">\n\t\t\t\t\t<h3 class=\"elementor-heading-title elementor-size-default\">07 74 61 76 86<\/h3>\t\t\t\t<\/div>\n\t\t\t\t<\/div>\n\t\t\t\t\t<\/div>\n\t\t<\/div>\n\t\t\t\t\t<\/div>\n\t\t<\/section>\n\t\t\t\t\t<\/div>\n\t\t<\/div>\n\t\t\t\t\t<\/div>\n\t\t<\/section>\n\t\t\t\t<\/div>\n\t\t","protected":false},"excerpt":{"rendered":"<p>A propos de nous AM Logistiques et services est une entreprise sp\u00e9cialis\u00e9e dans l\u2019acheminement et le transit des biens de l\u2019Europe vers la R\u00e9publique de Guin\u00e9e. Notre si\u00e8ge social est situ\u00e9 au 15 Rue Custine 75018 Paris \u00e0 50 m\u00e8tres de la bouche du m\u00e9tro Ch\u00e2teau Rouge (moins d\u2019une minute \u00e0 pied). Notre entrep\u00f4t se [&hellip;]<\/p>\n","protected":false},"author":1,"featured_media":0,"parent":0,"menu_order":0,"comment_status":"closed","ping_status":"closed","template":"","meta":{"om_disable_all_campaigns":false,"_monsterinsights_skip_tracking":false,"_monsterinsights_sitenote_active":false,"_monsterinsights_sitenote_note":"","_monsterinsights_sitenote_category":0,"site-sidebar-layout":"no-sidebar","site-content-layout":"page-builder","ast-site-content-layout":"default","site-content-style":"default","site-sidebar-style":"default","ast-global-header-display":"","ast-banner-title-visibility":"","ast-main-header-display":"","ast-hfb-above-header-display":"","ast-hfb-below-header-display":"","ast-hfb-mobile-header-display":"","site-post-title":"disabled","ast-breadcrumbs-content":"disabled","ast-featured-img":"disabled","footer-sml-layout":"","ast-disable-related-posts":"","theme-transparent-header-meta":"enabled","adv-header-id-meta":"","stick-header-meta":"","header-above-stick-meta":"","header-main-stick-meta":"","header-below-stick-meta":"","astra-migrate-meta-layouts":"default","ast-page-background-enabled":"default","ast-page-background-meta":{"desktop":{"background-color":"","background-image":"","background-repeat":"repeat","background-position":"center center","background-size":"auto","background-attachment":"scroll","background-type":"","background-media":"","overlay-type":"","overlay-color":"","overlay-opacity":"","overlay-gradient":""},"tablet":{"background-color":"","background-image":"","background-repeat":"repeat","background-position":"center center","background-size":"auto","background-attachment":"scroll","background-type":"","background-media":"","overlay-type":"","overlay-color":"","overlay-opacity":"","overlay-gradient":""},"mobile":{"background-color":"","background-image":"","background-repeat":"repeat","background-position":"center center","background-size":"auto","background-attachment":"scroll","background-type":"","background-media":"","overlay-type":"","overlay-color":"","overlay-opacity":"","overlay-gradient":""}},"ast-content-background-meta":{"desktop":{"background-color":"var(--ast-global-color-5)","background-image":"","background-repeat":"repeat","background-position":"center center","background-size":"auto","background-attachment":"scroll","background-type":"","background-media":"","overlay-type":"","overlay-color":"","overlay-opacity":"","overlay-gradient":""},"tablet":{"background-color":"var(--ast-global-color-5)","background-image":"","background-repeat":"repeat","background-position":"center center","background-size":"auto","background-attachment":"scroll","background-type":"","background-media":"","overlay-type":"","overlay-color":"","overlay-opacity":"","overlay-gradient":""},"mobile":{"background-color":"var(--ast-global-color-5)","background-image":"","background-repeat":"repeat","background-position":"center center","background-size":"auto","background-attachment":"scroll","background-type":"","background-media":"","overlay-type":"","overlay-color":"","overlay-opacity":"","overlay-gradient":""}},"_joinchat":[],"footnotes":""},"class_list":["post-575","page","type-page","status-publish","hentry"],"aioseo_notices":[],"_links":{"self":[{"href":"https:\/\/am-logistique.com\/index.php\/wp-json\/wp\/v2\/pages\/575","targetHints":{"allow":["GET"]}}],"collection":[{"href":"https:\/\/am-logistique.com\/index.php\/wp-json\/wp\/v2\/pages"}],"about":[{"href":"https:\/\/am-logistique.com\/index.php\/wp-json\/wp\/v2\/types\/page"}],"author":[{"embeddable":true,"href":"https:\/\/am-logistique.com\/index.php\/wp-json\/wp\/v2\/users\/1"}],"replies":[{"embeddable":true,"href":"https:\/\/am-logistique.com\/index.php\/wp-json\/wp\/v2\/comments?post=575"}],"version-history":[{"count":19,"href":"https:\/\/am-logistique.com\/index.php\/wp-json\/wp\/v2\/pages\/575\/revisions"}],"predecessor-version":[{"id":1316,"href":"https:\/\/am-logistique.com\/index.php\/wp-json\/wp\/v2\/pages\/575\/revisions\/1316"}],"wp:attachment":[{"href":"https:\/\/am-logistique.com\/index.php\/wp-json\/wp\/v2\/media?parent=575"}],"curies":[{"name":"wp","href":"https:\/\/api.w.org\/{rel}","templated":true}]}}